{"id":25,"date":"2026-02-22T11:44:14","date_gmt":"2026-02-22T11:44:14","guid":{"rendered":"https:\/\/neu.bo-fuerstenwalde.de\/?page_id=25"},"modified":"2026-02-22T11:44:14","modified_gmt":"2026-02-22T11:44:14","slug":"proben-und-anfahrt","status":"publish","type":"page","link":"https:\/\/neu.bo-fuerstenwalde.de\/index.php\/proben-und-anfahrt\/","title":{"rendered":"Proben und Anfahrt"},"content":{"rendered":"\n<h3 class=\"wp-block-heading\">Sei herzlich eingeladen, bei einer unserer n\u00e4chsten Proben dabei zu sein.<\/h3>\n\n\n\n<p><br>Ob als Zuh\u00f6rer oder Mitspieler, jeder interessierte Musikliebhaber ist uns jederzeit willkommen.<br><br><strong>Probentermine (au\u00dfer in den Ferien):<\/strong><\/p>\n\n\n\n<p><strong>Freitags, 16:45 &#8211; 17:45<\/strong>&nbsp; &nbsp;&nbsp;<em>Nachwuchsorchester&nbsp;<\/em><em>F\u00fcrstenwalde*<\/em><\/p>\n\n\n\n<p><strong>Freitags, 18:15 &#8211; 20:30<\/strong>&nbsp;&nbsp;&nbsp;&nbsp;<em>1. Brandenburgisches Garde-Blasmusikkorps F\u00fcrstenwalde*<\/em><\/p>\n\n\n\n<p>Probenort: *Musikschule&nbsp;Oder-Spree &#8222;Jutta Schlegel&#8220; in F\u00fcrstenwalde,<a href=\"https:\/\/www.google.de\/maps\/place\/Fiete-Schulze-Stra%C3%9Fe+5,+15517+F%C3%BCrstenwalde%2FSpree\/@52.3598608,14.063345,17z\/data=!3m1!4b1!4m5!3m4!1s0x47a827f444b9ff49:0x5b60d002ae790b2c!8m2!3d52.3598608!4d14.0655337\" target=\"_blank\" rel=\"noreferrer noopener\">&nbsp;Fiete-Schulze-Str.5; 15517 F\u00fcrstenwalde<\/a><\/p>\n","protected":false},"excerpt":{"rendered":"<p>Sei herzlich eingeladen, bei einer unserer n\u00e4chsten Proben dabei zu sein. Ob als Zuh\u00f6rer oder Mitspieler, jeder interessierte Musikliebhaber ist uns jederzeit willkommen. Probentermine (au\u00dfer in den Ferien): Freitags, 16:45 &#8211; 17:45&nbsp; &nbsp;&nbsp;Nachwuchsorchester&nbsp;F\u00fcrstenwalde* Freitags, 18:15 &#8211; 20:30&nbsp;&nbsp;&nbsp;&nbsp;1. Brandenburgisches Garde-Blasmusikkorps F\u00fcrstenwalde* Probenort: *Musikschule&nbsp;Oder-Spree &#8222;Jutta Schlegel&#8220; in F\u00fcrstenwalde,&nbsp;Fiete-Schulze-Str.5; 15517 F\u00fcrstenwalde<\/p>\n","protected":false},"author":1,"featured_media":0,"parent":0,"menu_order":0,"comment_status":"closed","ping_status":"closed","template":"","meta":{"footnotes":""},"class_list":["post-25","page","type-page","status-publish","hentry"],"yoast_head":"<!-- This site is optimized with the Yoast SEO plugin v27.0 - https:\/\/yoast.com\/product\/yoast-seo-wordpress\/ -->\n<title>Proben und Anfahrt - 1. BGBMK<\/title>\n<meta name=\"robots\" content=\"index, follow, max-snippet:-1, max-image-preview:large, max-video-preview:-1\" \/>\n<link rel=\"canonical\" href=\"https:\/\/neu.bo-fuerstenwalde.de\/index.php\/proben-und-anfahrt\/\" \/>\n<meta property=\"og:locale\" content=\"de_DE\" \/>\n<meta property=\"og:type\" content=\"article\" \/>\n<meta property=\"og:title\" content=\"Proben und Anfahrt - 1. BGBMK\" \/>\n<meta property=\"og:description\" content=\"Sei herzlich eingeladen, bei einer unserer n\u00e4chsten Proben dabei zu sein. Ob als Zuh\u00f6rer oder Mitspieler, jeder interessierte Musikliebhaber ist uns jederzeit willkommen. Probentermine (au\u00dfer in den Ferien): Freitags, 16:45 &#8211; 17:45&nbsp; &nbsp;&nbsp;Nachwuchsorchester&nbsp;F\u00fcrstenwalde* Freitags, 18:15 &#8211; 20:30&nbsp;&nbsp;&nbsp;&nbsp;1. Brandenburgisches Garde-Blasmusikkorps F\u00fcrstenwalde* Probenort: *Musikschule&nbsp;Oder-Spree &#8222;Jutta Schlegel&#8220; in F\u00fcrstenwalde,&nbsp;Fiete-Schulze-Str.5; 15517 F\u00fcrstenwalde\" \/>\n<meta property=\"og:url\" content=\"https:\/\/neu.bo-fuerstenwalde.de\/index.php\/proben-und-anfahrt\/\" \/>\n<meta property=\"og:site_name\" content=\"1. BGBMK\" \/>\n<meta name=\"twitter:card\" content=\"summary_large_image\" \/>\n<script type=\"application\/ld+json\" class=\"yoast-schema-graph\">{\"@context\":\"https:\/\/schema.org\",\"@graph\":[{\"@type\":\"WebPage\",\"@id\":\"https:\/\/neu.bo-fuerstenwalde.de\/index.php\/proben-und-anfahrt\/\",\"url\":\"https:\/\/neu.bo-fuerstenwalde.de\/index.php\/proben-und-anfahrt\/\",\"name\":\"Proben und Anfahrt - 1. BGBMK\",\"isPartOf\":{\"@id\":\"https:\/\/neu.bo-fuerstenwalde.de\/#website\"},\"datePublished\":\"2026-02-22T11:44:14+00:00\",\"breadcrumb\":{\"@id\":\"https:\/\/neu.bo-fuerstenwalde.de\/index.php\/proben-und-anfahrt\/#breadcrumb\"},\"inLanguage\":\"de\",\"potentialAction\":[{\"@type\":\"ReadAction\",\"target\":[\"https:\/\/neu.bo-fuerstenwalde.de\/index.php\/proben-und-anfahrt\/\"]}]},{\"@type\":\"BreadcrumbList\",\"@id\":\"https:\/\/neu.bo-fuerstenwalde.de\/index.php\/proben-und-anfahrt\/#breadcrumb\",\"itemListElement\":[{\"@type\":\"ListItem\",\"position\":1,\"name\":\"Start\",\"item\":\"https:\/\/neu.bo-fuerstenwalde.de\/\"},{\"@type\":\"ListItem\",\"position\":2,\"name\":\"Proben und Anfahrt\"}]},{\"@type\":\"WebSite\",\"@id\":\"https:\/\/neu.bo-fuerstenwalde.de\/#website\",\"url\":\"https:\/\/neu.bo-fuerstenwalde.de\/\",\"name\":\"1. BGBMK\",\"description\":\"\",\"potentialAction\":[{\"@type\":\"SearchAction\",\"target\":{\"@type\":\"EntryPoint\",\"urlTemplate\":\"https:\/\/neu.bo-fuerstenwalde.de\/?s={search_term_string}\"},\"query-input\":{\"@type\":\"PropertyValueSpecification\",\"valueRequired\":true,\"valueName\":\"search_term_string\"}}],\"inLanguage\":\"de\"}]}<\/script>\n<!-- \/ Yoast SEO plugin. -->","yoast_head_json":{"title":"Proben und Anfahrt - 1. BGBMK","robots":{"index":"index","follow":"follow","max-snippet":"max-snippet:-1","max-image-preview":"max-image-preview:large","max-video-preview":"max-video-preview:-1"},"canonical":"https:\/\/neu.bo-fuerstenwalde.de\/index.php\/proben-und-anfahrt\/","og_locale":"de_DE","og_type":"article","og_title":"Proben und Anfahrt - 1. BGBMK","og_description":"Sei herzlich eingeladen, bei einer unserer n\u00e4chsten Proben dabei zu sein. Ob als Zuh\u00f6rer oder Mitspieler, jeder interessierte Musikliebhaber ist uns jederzeit willkommen. Probentermine (au\u00dfer in den Ferien): Freitags, 16:45 &#8211; 17:45&nbsp; &nbsp;&nbsp;Nachwuchsorchester&nbsp;F\u00fcrstenwalde* Freitags, 18:15 &#8211; 20:30&nbsp;&nbsp;&nbsp;&nbsp;1. Brandenburgisches Garde-Blasmusikkorps F\u00fcrstenwalde* Probenort: *Musikschule&nbsp;Oder-Spree &#8222;Jutta Schlegel&#8220; in F\u00fcrstenwalde,&nbsp;Fiete-Schulze-Str.5; 15517 F\u00fcrstenwalde","og_url":"https:\/\/neu.bo-fuerstenwalde.de\/index.php\/proben-und-anfahrt\/","og_site_name":"1. BGBMK","twitter_card":"summary_large_image","schema":{"@context":"https:\/\/schema.org","@graph":[{"@type":"WebPage","@id":"https:\/\/neu.bo-fuerstenwalde.de\/index.php\/proben-und-anfahrt\/","url":"https:\/\/neu.bo-fuerstenwalde.de\/index.php\/proben-und-anfahrt\/","name":"Proben und Anfahrt - 1. BGBMK","isPartOf":{"@id":"https:\/\/neu.bo-fuerstenwalde.de\/#website"},"datePublished":"2026-02-22T11:44:14+00:00","breadcrumb":{"@id":"https:\/\/neu.bo-fuerstenwalde.de\/index.php\/proben-und-anfahrt\/#breadcrumb"},"inLanguage":"de","potentialAction":[{"@type":"ReadAction","target":["https:\/\/neu.bo-fuerstenwalde.de\/index.php\/proben-und-anfahrt\/"]}]},{"@type":"BreadcrumbList","@id":"https:\/\/neu.bo-fuerstenwalde.de\/index.php\/proben-und-anfahrt\/#breadcrumb","itemListElement":[{"@type":"ListItem","position":1,"name":"Start","item":"https:\/\/neu.bo-fuerstenwalde.de\/"},{"@type":"ListItem","position":2,"name":"Proben und Anfahrt"}]},{"@type":"WebSite","@id":"https:\/\/neu.bo-fuerstenwalde.de\/#website","url":"https:\/\/neu.bo-fuerstenwalde.de\/","name":"1. BGBMK","description":"","potentialAction":[{"@type":"SearchAction","target":{"@type":"EntryPoint","urlTemplate":"https:\/\/neu.bo-fuerstenwalde.de\/?s={search_term_string}"},"query-input":{"@type":"PropertyValueSpecification","valueRequired":true,"valueName":"search_term_string"}}],"inLanguage":"de"}]}},"jetpack_sharing_enabled":true,"_links":{"self":[{"href":"https:\/\/neu.bo-fuerstenwalde.de\/index.php\/wp-json\/wp\/v2\/pages\/25","targetHints":{"allow":["GET"]}}],"collection":[{"href":"https:\/\/neu.bo-fuerstenwalde.de\/index.php\/wp-json\/wp\/v2\/pages"}],"about":[{"href":"https:\/\/neu.bo-fuerstenwalde.de\/index.php\/wp-json\/wp\/v2\/types\/page"}],"author":[{"embeddable":true,"href":"https:\/\/neu.bo-fuerstenwalde.de\/index.php\/wp-json\/wp\/v2\/users\/1"}],"replies":[{"embeddable":true,"href":"https:\/\/neu.bo-fuerstenwalde.de\/index.php\/wp-json\/wp\/v2\/comments?post=25"}],"version-history":[{"count":2,"href":"https:\/\/neu.bo-fuerstenwalde.de\/index.php\/wp-json\/wp\/v2\/pages\/25\/revisions"}],"predecessor-version":[{"id":27,"href":"https:\/\/neu.bo-fuerstenwalde.de\/index.php\/wp-json\/wp\/v2\/pages\/25\/revisions\/27"}],"wp:attachment":[{"href":"https:\/\/neu.bo-fuerstenwalde.de\/index.php\/wp-json\/wp\/v2\/media?parent=25"}],"curies":[{"name":"wp","href":"https:\/\/api.w.org\/{rel}","templated":true}]}}