{"id":28,"date":"2026-02-22T11:45:08","date_gmt":"2026-02-22T11:45:08","guid":{"rendered":"https:\/\/neu.bo-fuerstenwalde.de\/?page_id=28"},"modified":"2026-02-22T11:45:08","modified_gmt":"2026-02-22T11:45:08","slug":"nachwuchsorchester","status":"publish","type":"page","link":"https:\/\/neu.bo-fuerstenwalde.de\/index.php\/nachwuchsorchester\/","title":{"rendered":"Nachwuchsorchester"},"content":{"rendered":"\n<p><strong>Worum geht es?<\/strong><\/p>\n\n\n\n<p>In erster Linie soll der Spa\u00df am gemeinsamen Musizieren in einer Gruppe geweckt werden. Egal ob man sp\u00e4ter im Blas-, Symphonieorchester oder in der Big Band spielen m\u00f6chte: Die daf\u00fcr notwendigen Grundlagen kann man hier lernen.<br><br><strong>Wer kann mitspielen?<\/strong><br><br>Das Orchester ist offen f\u00fcr alle jungen Bl\u00e4ser mit einem der unten aufgef\u00fchrten Instrumente. Bei uns ist jeder herzlich willkommen, unabh\u00e4ngig davon ob sein Instrument schon vertreten ist oder nicht. Die einzige Voraussetzung ist das selbstst\u00e4ndige Beherrschen der T\u00f6ne (vor allem der Griffe) in einem Tonumfang von mindestens 1 &#8211; 1 1\/2 Oktaven.<\/p>\n\n\n\n<ul class=\"wp-block-list\">\n<li>Euphonium<\/li>\n\n\n\n<li>Fl\u00fcgelhorn<\/li>\n\n\n\n<li>Horn<\/li>\n\n\n\n<li>Klarinette<\/li>\n\n\n\n<li>Oboe<\/li>\n\n\n\n<li>Posaune<\/li>\n\n\n\n<li>Querfl\u00f6te<\/li>\n\n\n\n<li>Saxophon<\/li>\n\n\n\n<li>Tenorhorn\/Bariton<\/li>\n\n\n\n<li>Trompete<\/li>\n\n\n\n<li>Tuba<\/li>\n<\/ul>\n\n\n\n<p><strong>Wann findet es statt?<\/strong><\/p>\n\n\n\n<p>freitags&nbsp; &nbsp; &nbsp; &nbsp; 16:45 &#8211; 17:45 in F\u00fcrstenwalde<\/p>\n\n\n\n<p><br><br><strong>Was kostet es?<\/strong><\/p>\n\n\n\n<p>Sch\u00fcler der Musikschule Oder-Spree &#8222;Jutta Schlegel&#8220;&nbsp; k\u00f6nnen dieses Angebot kostenlos nutzen.&nbsp; F\u00fcr alle anderen Mitspieler f\u00e4llt die jeweils g\u00fcltige Ensemblegeb\u00fchr an.<br><br><strong>Gibt es Auftrittsm\u00f6glichkeiten?<\/strong><br><br>Ja. Jedes Jahr ist ein Auftritt im Rahmen der Weihnachtskonzerte des 1. Brandenburgischen Garde-Blasmusikkorps geplant. Alles Weitere entscheidet sich immer zu Beginn des jeweiligen Schulhalbjahres.<br><br><br>Wenn Sie, bzw. Ihr Kind Interesse haben, melden Sie sich gerne bei uns. Wir freuen uns auf Sie und auf die jugendlichen MitspielerInnen!<br><br>&nbsp;<\/p>\n","protected":false},"excerpt":{"rendered":"<p>Worum geht es? In erster Linie soll der Spa\u00df am gemeinsamen Musizieren in einer Gruppe geweckt werden. Egal ob man sp\u00e4ter im Blas-, Symphonieorchester oder in der Big Band spielen m\u00f6chte: Die daf\u00fcr notwendigen Grundlagen kann man hier lernen. Wer kann mitspielen? Das Orchester ist offen f\u00fcr alle jungen Bl\u00e4ser mit einem der unten aufgef\u00fchrten [&hellip;]<\/p>\n","protected":false},"author":1,"featured_media":0,"parent":0,"menu_order":0,"comment_status":"closed","ping_status":"closed","template":"","meta":{"footnotes":""},"class_list":["post-28","page","type-page","status-publish","hentry"],"yoast_head":"<!-- This site is optimized with the Yoast SEO plugin v27.0 - https:\/\/yoast.com\/product\/yoast-seo-wordpress\/ -->\n<title>Nachwuchsorchester - 1. BGBMK<\/title>\n<meta name=\"robots\" content=\"index, follow, max-snippet:-1, max-image-preview:large, max-video-preview:-1\" \/>\n<link rel=\"canonical\" href=\"https:\/\/neu.bo-fuerstenwalde.de\/index.php\/nachwuchsorchester\/\" \/>\n<meta property=\"og:locale\" content=\"de_DE\" \/>\n<meta property=\"og:type\" content=\"article\" \/>\n<meta property=\"og:title\" content=\"Nachwuchsorchester - 1. BGBMK\" \/>\n<meta property=\"og:description\" content=\"Worum geht es? In erster Linie soll der Spa\u00df am gemeinsamen Musizieren in einer Gruppe geweckt werden. Egal ob man sp\u00e4ter im Blas-, Symphonieorchester oder in der Big Band spielen m\u00f6chte: Die daf\u00fcr notwendigen Grundlagen kann man hier lernen. Wer kann mitspielen? Das Orchester ist offen f\u00fcr alle jungen Bl\u00e4ser mit einem der unten aufgef\u00fchrten [&hellip;]\" \/>\n<meta property=\"og:url\" content=\"https:\/\/neu.bo-fuerstenwalde.de\/index.php\/nachwuchsorchester\/\" \/>\n<meta property=\"og:site_name\" content=\"1. BGBMK\" \/>\n<meta name=\"twitter:card\" content=\"summary_large_image\" \/>\n<script type=\"application\/ld+json\" class=\"yoast-schema-graph\">{\"@context\":\"https:\/\/schema.org\",\"@graph\":[{\"@type\":\"WebPage\",\"@id\":\"https:\/\/neu.bo-fuerstenwalde.de\/index.php\/nachwuchsorchester\/\",\"url\":\"https:\/\/neu.bo-fuerstenwalde.de\/index.php\/nachwuchsorchester\/\",\"name\":\"Nachwuchsorchester - 1. BGBMK\",\"isPartOf\":{\"@id\":\"https:\/\/neu.bo-fuerstenwalde.de\/#website\"},\"datePublished\":\"2026-02-22T11:45:08+00:00\",\"breadcrumb\":{\"@id\":\"https:\/\/neu.bo-fuerstenwalde.de\/index.php\/nachwuchsorchester\/#breadcrumb\"},\"inLanguage\":\"de\",\"potentialAction\":[{\"@type\":\"ReadAction\",\"target\":[\"https:\/\/neu.bo-fuerstenwalde.de\/index.php\/nachwuchsorchester\/\"]}]},{\"@type\":\"BreadcrumbList\",\"@id\":\"https:\/\/neu.bo-fuerstenwalde.de\/index.php\/nachwuchsorchester\/#breadcrumb\",\"itemListElement\":[{\"@type\":\"ListItem\",\"position\":1,\"name\":\"Start\",\"item\":\"https:\/\/neu.bo-fuerstenwalde.de\/\"},{\"@type\":\"ListItem\",\"position\":2,\"name\":\"Nachwuchsorchester\"}]},{\"@type\":\"WebSite\",\"@id\":\"https:\/\/neu.bo-fuerstenwalde.de\/#website\",\"url\":\"https:\/\/neu.bo-fuerstenwalde.de\/\",\"name\":\"1. BGBMK\",\"description\":\"\",\"potentialAction\":[{\"@type\":\"SearchAction\",\"target\":{\"@type\":\"EntryPoint\",\"urlTemplate\":\"https:\/\/neu.bo-fuerstenwalde.de\/?s={search_term_string}\"},\"query-input\":{\"@type\":\"PropertyValueSpecification\",\"valueRequired\":true,\"valueName\":\"search_term_string\"}}],\"inLanguage\":\"de\"}]}<\/script>\n<!-- \/ Yoast SEO plugin. -->","yoast_head_json":{"title":"Nachwuchsorchester - 1. BGBMK","robots":{"index":"index","follow":"follow","max-snippet":"max-snippet:-1","max-image-preview":"max-image-preview:large","max-video-preview":"max-video-preview:-1"},"canonical":"https:\/\/neu.bo-fuerstenwalde.de\/index.php\/nachwuchsorchester\/","og_locale":"de_DE","og_type":"article","og_title":"Nachwuchsorchester - 1. BGBMK","og_description":"Worum geht es? In erster Linie soll der Spa\u00df am gemeinsamen Musizieren in einer Gruppe geweckt werden. Egal ob man sp\u00e4ter im Blas-, Symphonieorchester oder in der Big Band spielen m\u00f6chte: Die daf\u00fcr notwendigen Grundlagen kann man hier lernen. Wer kann mitspielen? Das Orchester ist offen f\u00fcr alle jungen Bl\u00e4ser mit einem der unten aufgef\u00fchrten [&hellip;]","og_url":"https:\/\/neu.bo-fuerstenwalde.de\/index.php\/nachwuchsorchester\/","og_site_name":"1. BGBMK","twitter_card":"summary_large_image","schema":{"@context":"https:\/\/schema.org","@graph":[{"@type":"WebPage","@id":"https:\/\/neu.bo-fuerstenwalde.de\/index.php\/nachwuchsorchester\/","url":"https:\/\/neu.bo-fuerstenwalde.de\/index.php\/nachwuchsorchester\/","name":"Nachwuchsorchester - 1. BGBMK","isPartOf":{"@id":"https:\/\/neu.bo-fuerstenwalde.de\/#website"},"datePublished":"2026-02-22T11:45:08+00:00","breadcrumb":{"@id":"https:\/\/neu.bo-fuerstenwalde.de\/index.php\/nachwuchsorchester\/#breadcrumb"},"inLanguage":"de","potentialAction":[{"@type":"ReadAction","target":["https:\/\/neu.bo-fuerstenwalde.de\/index.php\/nachwuchsorchester\/"]}]},{"@type":"BreadcrumbList","@id":"https:\/\/neu.bo-fuerstenwalde.de\/index.php\/nachwuchsorchester\/#breadcrumb","itemListElement":[{"@type":"ListItem","position":1,"name":"Start","item":"https:\/\/neu.bo-fuerstenwalde.de\/"},{"@type":"ListItem","position":2,"name":"Nachwuchsorchester"}]},{"@type":"WebSite","@id":"https:\/\/neu.bo-fuerstenwalde.de\/#website","url":"https:\/\/neu.bo-fuerstenwalde.de\/","name":"1. BGBMK","description":"","potentialAction":[{"@type":"SearchAction","target":{"@type":"EntryPoint","urlTemplate":"https:\/\/neu.bo-fuerstenwalde.de\/?s={search_term_string}"},"query-input":{"@type":"PropertyValueSpecification","valueRequired":true,"valueName":"search_term_string"}}],"inLanguage":"de"}]}},"jetpack_sharing_enabled":true,"_links":{"self":[{"href":"https:\/\/neu.bo-fuerstenwalde.de\/index.php\/wp-json\/wp\/v2\/pages\/28","targetHints":{"allow":["GET"]}}],"collection":[{"href":"https:\/\/neu.bo-fuerstenwalde.de\/index.php\/wp-json\/wp\/v2\/pages"}],"about":[{"href":"https:\/\/neu.bo-fuerstenwalde.de\/index.php\/wp-json\/wp\/v2\/types\/page"}],"author":[{"embeddable":true,"href":"https:\/\/neu.bo-fuerstenwalde.de\/index.php\/wp-json\/wp\/v2\/users\/1"}],"replies":[{"embeddable":true,"href":"https:\/\/neu.bo-fuerstenwalde.de\/index.php\/wp-json\/wp\/v2\/comments?post=28"}],"version-history":[{"count":2,"href":"https:\/\/neu.bo-fuerstenwalde.de\/index.php\/wp-json\/wp\/v2\/pages\/28\/revisions"}],"predecessor-version":[{"id":30,"href":"https:\/\/neu.bo-fuerstenwalde.de\/index.php\/wp-json\/wp\/v2\/pages\/28\/revisions\/30"}],"wp:attachment":[{"href":"https:\/\/neu.bo-fuerstenwalde.de\/index.php\/wp-json\/wp\/v2\/media?parent=28"}],"curies":[{"name":"wp","href":"https:\/\/api.w.org\/{rel}","templated":true}]}}