{"id":31,"date":"2026-02-22T11:45:51","date_gmt":"2026-02-22T11:45:51","guid":{"rendered":"https:\/\/neu.bo-fuerstenwalde.de\/?page_id=31"},"modified":"2026-02-22T11:45:52","modified_gmt":"2026-02-22T11:45:52","slug":"repertoire","status":"publish","type":"page","link":"https:\/\/neu.bo-fuerstenwalde.de\/index.php\/repertoire\/","title":{"rendered":"Repertoire"},"content":{"rendered":"\n<h1 class=\"wp-block-heading\">Unser Repertoire<\/h1>\n\n\n\n<p>Die Besetzung unseres Orchesters orientiert sich am Ideal des Sinfonischen Blasorchesters und erm\u00f6glicht uns so eine enorme musikalische Bandbreite, die nahezu alle Genres ber\u00fccksichtigt und die Auff\u00fchrung musikalische Werke mit einer nicht zu vergleichenden Klangvielfalt zul\u00e4sst. So umfasst unser Repertoire neben Originalkompostionen f\u00fcr Sinfonisches Blasorchester auch Transkriptionen aus der klassischen Musik genauso wie Arrangements aus der modernen Unterhaltungsmusik, der Filmmusik und nat\u00fcrlich auch der traditionellen Blasmusik sowie des Jazz. Sozusagen ein Bogen von Renaissance bis Pop.<br><br>Dar\u00fcber hinaus liegt f\u00fcr uns ein besonderer musikalischer Schwerpunkt in der Erarbeitung von Kompositionen brandenburgischer Komponisten, vor allem des Borgsdorfer Kreises. (Unter anderen von Wolfgang Schumann, Siegmund Goldhammer, Klaus-Peter Bruchmann, Hans H\u00fctten, Helmut Sommer und Heinz Ahrens.)<\/p>\n\n\n\n<p>Jedes Jahr erarbeiten wir ein Konzertrepertoire, aus dem wir f\u00fcr unsere Veranstaltungen ein individuelles Programm erstellen. Gern ber\u00fccksichtigen wir bei einer Auftrittsanfrage Ihre musikalischen Vorstellungen. Wir planen dann gemeinsam mit Ihnen ein Programm, das dem Rahmen Ihrer Veranstaltung entspricht.<\/p>\n\n\n\n<figure class=\"wp-block-image\"><img decoding=\"async\" src=\"https:\/\/www.bo-fuerstenwalde.de\/images\/repertoire.png\" alt=\"\"\/><\/figure>\n","protected":false},"excerpt":{"rendered":"<p>Unser Repertoire Die Besetzung unseres Orchesters orientiert sich am Ideal des Sinfonischen Blasorchesters und erm\u00f6glicht uns so eine enorme musikalische Bandbreite, die nahezu alle Genres ber\u00fccksichtigt und die Auff\u00fchrung musikalische Werke mit einer nicht zu vergleichenden Klangvielfalt zul\u00e4sst. So umfasst unser Repertoire neben Originalkompostionen f\u00fcr Sinfonisches Blasorchester auch Transkriptionen aus der klassischen Musik genauso wie [&hellip;]<\/p>\n","protected":false},"author":1,"featured_media":0,"parent":0,"menu_order":0,"comment_status":"closed","ping_status":"closed","template":"","meta":{"footnotes":""},"class_list":["post-31","page","type-page","status-publish","hentry"],"yoast_head":"<!-- This site is optimized with the Yoast SEO plugin v27.0 - https:\/\/yoast.com\/product\/yoast-seo-wordpress\/ -->\n<title>Repertoire - 1. BGBMK<\/title>\n<meta name=\"robots\" content=\"index, follow, max-snippet:-1, max-image-preview:large, max-video-preview:-1\" \/>\n<link rel=\"canonical\" href=\"https:\/\/neu.bo-fuerstenwalde.de\/index.php\/repertoire\/\" \/>\n<meta property=\"og:locale\" content=\"de_DE\" \/>\n<meta property=\"og:type\" content=\"article\" \/>\n<meta property=\"og:title\" content=\"Repertoire - 1. BGBMK\" \/>\n<meta property=\"og:description\" content=\"Unser Repertoire Die Besetzung unseres Orchesters orientiert sich am Ideal des Sinfonischen Blasorchesters und erm\u00f6glicht uns so eine enorme musikalische Bandbreite, die nahezu alle Genres ber\u00fccksichtigt und die Auff\u00fchrung musikalische Werke mit einer nicht zu vergleichenden Klangvielfalt zul\u00e4sst. So umfasst unser Repertoire neben Originalkompostionen f\u00fcr Sinfonisches Blasorchester auch Transkriptionen aus der klassischen Musik genauso wie [&hellip;]\" \/>\n<meta property=\"og:url\" content=\"https:\/\/neu.bo-fuerstenwalde.de\/index.php\/repertoire\/\" \/>\n<meta property=\"og:site_name\" content=\"1. BGBMK\" \/>\n<meta property=\"article:modified_time\" content=\"2026-02-22T11:45:52+00:00\" \/>\n<meta property=\"og:image\" content=\"https:\/\/www.bo-fuerstenwalde.de\/images\/repertoire.png\" \/>\n<meta name=\"twitter:card\" content=\"summary_large_image\" \/>\n<script type=\"application\/ld+json\" class=\"yoast-schema-graph\">{\"@context\":\"https:\/\/schema.org\",\"@graph\":[{\"@type\":\"WebPage\",\"@id\":\"https:\/\/neu.bo-fuerstenwalde.de\/index.php\/repertoire\/\",\"url\":\"https:\/\/neu.bo-fuerstenwalde.de\/index.php\/repertoire\/\",\"name\":\"Repertoire - 1. BGBMK\",\"isPartOf\":{\"@id\":\"https:\/\/neu.bo-fuerstenwalde.de\/#website\"},\"primaryImageOfPage\":{\"@id\":\"https:\/\/neu.bo-fuerstenwalde.de\/index.php\/repertoire\/#primaryimage\"},\"image\":{\"@id\":\"https:\/\/neu.bo-fuerstenwalde.de\/index.php\/repertoire\/#primaryimage\"},\"thumbnailUrl\":\"https:\/\/www.bo-fuerstenwalde.de\/images\/repertoire.png\",\"datePublished\":\"2026-02-22T11:45:51+00:00\",\"dateModified\":\"2026-02-22T11:45:52+00:00\",\"breadcrumb\":{\"@id\":\"https:\/\/neu.bo-fuerstenwalde.de\/index.php\/repertoire\/#breadcrumb\"},\"inLanguage\":\"de\",\"potentialAction\":[{\"@type\":\"ReadAction\",\"target\":[\"https:\/\/neu.bo-fuerstenwalde.de\/index.php\/repertoire\/\"]}]},{\"@type\":\"ImageObject\",\"inLanguage\":\"de\",\"@id\":\"https:\/\/neu.bo-fuerstenwalde.de\/index.php\/repertoire\/#primaryimage\",\"url\":\"https:\/\/www.bo-fuerstenwalde.de\/images\/repertoire.png\",\"contentUrl\":\"https:\/\/www.bo-fuerstenwalde.de\/images\/repertoire.png\"},{\"@type\":\"BreadcrumbList\",\"@id\":\"https:\/\/neu.bo-fuerstenwalde.de\/index.php\/repertoire\/#breadcrumb\",\"itemListElement\":[{\"@type\":\"ListItem\",\"position\":1,\"name\":\"Start\",\"item\":\"https:\/\/neu.bo-fuerstenwalde.de\/\"},{\"@type\":\"ListItem\",\"position\":2,\"name\":\"Repertoire\"}]},{\"@type\":\"WebSite\",\"@id\":\"https:\/\/neu.bo-fuerstenwalde.de\/#website\",\"url\":\"https:\/\/neu.bo-fuerstenwalde.de\/\",\"name\":\"1. BGBMK\",\"description\":\"\",\"potentialAction\":[{\"@type\":\"SearchAction\",\"target\":{\"@type\":\"EntryPoint\",\"urlTemplate\":\"https:\/\/neu.bo-fuerstenwalde.de\/?s={search_term_string}\"},\"query-input\":{\"@type\":\"PropertyValueSpecification\",\"valueRequired\":true,\"valueName\":\"search_term_string\"}}],\"inLanguage\":\"de\"}]}<\/script>\n<!-- \/ Yoast SEO plugin. -->","yoast_head_json":{"title":"Repertoire - 1. BGBMK","robots":{"index":"index","follow":"follow","max-snippet":"max-snippet:-1","max-image-preview":"max-image-preview:large","max-video-preview":"max-video-preview:-1"},"canonical":"https:\/\/neu.bo-fuerstenwalde.de\/index.php\/repertoire\/","og_locale":"de_DE","og_type":"article","og_title":"Repertoire - 1. BGBMK","og_description":"Unser Repertoire Die Besetzung unseres Orchesters orientiert sich am Ideal des Sinfonischen Blasorchesters und erm\u00f6glicht uns so eine enorme musikalische Bandbreite, die nahezu alle Genres ber\u00fccksichtigt und die Auff\u00fchrung musikalische Werke mit einer nicht zu vergleichenden Klangvielfalt zul\u00e4sst. So umfasst unser Repertoire neben Originalkompostionen f\u00fcr Sinfonisches Blasorchester auch Transkriptionen aus der klassischen Musik genauso wie [&hellip;]","og_url":"https:\/\/neu.bo-fuerstenwalde.de\/index.php\/repertoire\/","og_site_name":"1. BGBMK","article_modified_time":"2026-02-22T11:45:52+00:00","og_image":[{"url":"https:\/\/www.bo-fuerstenwalde.de\/images\/repertoire.png","type":"","width":"","height":""}],"twitter_card":"summary_large_image","schema":{"@context":"https:\/\/schema.org","@graph":[{"@type":"WebPage","@id":"https:\/\/neu.bo-fuerstenwalde.de\/index.php\/repertoire\/","url":"https:\/\/neu.bo-fuerstenwalde.de\/index.php\/repertoire\/","name":"Repertoire - 1. BGBMK","isPartOf":{"@id":"https:\/\/neu.bo-fuerstenwalde.de\/#website"},"primaryImageOfPage":{"@id":"https:\/\/neu.bo-fuerstenwalde.de\/index.php\/repertoire\/#primaryimage"},"image":{"@id":"https:\/\/neu.bo-fuerstenwalde.de\/index.php\/repertoire\/#primaryimage"},"thumbnailUrl":"https:\/\/www.bo-fuerstenwalde.de\/images\/repertoire.png","datePublished":"2026-02-22T11:45:51+00:00","dateModified":"2026-02-22T11:45:52+00:00","breadcrumb":{"@id":"https:\/\/neu.bo-fuerstenwalde.de\/index.php\/repertoire\/#breadcrumb"},"inLanguage":"de","potentialAction":[{"@type":"ReadAction","target":["https:\/\/neu.bo-fuerstenwalde.de\/index.php\/repertoire\/"]}]},{"@type":"ImageObject","inLanguage":"de","@id":"https:\/\/neu.bo-fuerstenwalde.de\/index.php\/repertoire\/#primaryimage","url":"https:\/\/www.bo-fuerstenwalde.de\/images\/repertoire.png","contentUrl":"https:\/\/www.bo-fuerstenwalde.de\/images\/repertoire.png"},{"@type":"BreadcrumbList","@id":"https:\/\/neu.bo-fuerstenwalde.de\/index.php\/repertoire\/#breadcrumb","itemListElement":[{"@type":"ListItem","position":1,"name":"Start","item":"https:\/\/neu.bo-fuerstenwalde.de\/"},{"@type":"ListItem","position":2,"name":"Repertoire"}]},{"@type":"WebSite","@id":"https:\/\/neu.bo-fuerstenwalde.de\/#website","url":"https:\/\/neu.bo-fuerstenwalde.de\/","name":"1. BGBMK","description":"","potentialAction":[{"@type":"SearchAction","target":{"@type":"EntryPoint","urlTemplate":"https:\/\/neu.bo-fuerstenwalde.de\/?s={search_term_string}"},"query-input":{"@type":"PropertyValueSpecification","valueRequired":true,"valueName":"search_term_string"}}],"inLanguage":"de"}]}},"jetpack_sharing_enabled":true,"_links":{"self":[{"href":"https:\/\/neu.bo-fuerstenwalde.de\/index.php\/wp-json\/wp\/v2\/pages\/31","targetHints":{"allow":["GET"]}}],"collection":[{"href":"https:\/\/neu.bo-fuerstenwalde.de\/index.php\/wp-json\/wp\/v2\/pages"}],"about":[{"href":"https:\/\/neu.bo-fuerstenwalde.de\/index.php\/wp-json\/wp\/v2\/types\/page"}],"author":[{"embeddable":true,"href":"https:\/\/neu.bo-fuerstenwalde.de\/index.php\/wp-json\/wp\/v2\/users\/1"}],"replies":[{"embeddable":true,"href":"https:\/\/neu.bo-fuerstenwalde.de\/index.php\/wp-json\/wp\/v2\/comments?post=31"}],"version-history":[{"count":2,"href":"https:\/\/neu.bo-fuerstenwalde.de\/index.php\/wp-json\/wp\/v2\/pages\/31\/revisions"}],"predecessor-version":[{"id":33,"href":"https:\/\/neu.bo-fuerstenwalde.de\/index.php\/wp-json\/wp\/v2\/pages\/31\/revisions\/33"}],"wp:attachment":[{"href":"https:\/\/neu.bo-fuerstenwalde.de\/index.php\/wp-json\/wp\/v2\/media?parent=31"}],"curies":[{"name":"wp","href":"https:\/\/api.w.org\/{rel}","templated":true}]}}