{"id":34,"date":"2026-02-22T11:46:37","date_gmt":"2026-02-22T11:46:37","guid":{"rendered":"https:\/\/neu.bo-fuerstenwalde.de\/?page_id=34"},"modified":"2026-02-22T11:46:38","modified_gmt":"2026-02-22T11:46:38","slug":"geschichte","status":"publish","type":"page","link":"https:\/\/neu.bo-fuerstenwalde.de\/index.php\/geschichte\/","title":{"rendered":"Geschichte"},"content":{"rendered":"\n<h3 class=\"wp-block-heading\">1990-1999<\/h3>\n\n\n\n<p><strong>Das I. Brandenburgische Garde-Blasmusikkorps der Musik- und Kunstschule F\u00fcrstenwalde<\/strong><\/p>\n\n\n\n<p>besteht aus urspr\u00fcnglich zwei Orchestern aus F\u00fcrstenwalde (gegr\u00fcndet 1957) und Sch\u00f6neiche (gegr\u00fcndet 1970). 1990 erfolgte der Zusammenschluss der beiden Orchester zum I. Brandenburgischen Garde-Blasmusikkorps F\u00fcrstenwalde (Spree). Damit wurde eine neue musikalische Phase eingeleitet. Der damalige Dirigent Petro Hinterschuster entwickelte das Orchester zu einem leistungsf\u00e4higen Klangk\u00f6rper f\u00fcr die unterschiedlichsten musikalischen Aufgaben und Richtungen. Schlie\u00dflich konnte im Jahr 1995 die erste CD eingespielt werden, die einen Querschnitt des damaligen Repertoires wiederspiegelt. Das Orchester feierte sein 40-j\u00e4hriges Jubil\u00e4um im Jahr 1997 mit einer Konzertreise nach Korfu. Dort wurden langanhaltende Kontakte gekn\u00fcpft und erfolgreiche Auftritte absolviert.<\/p>\n\n\n\n<h3 class=\"wp-block-heading\">1999 &#8211; 2002<\/h3>\n\n\n\n<p>1999 \u00fcbernahm MD Siegmund Goldhammer das mittlerweile aus ca. 60 Musikern im Alter von 10 bis 40 Jahren bestehende Orchester. Unter seiner Leitung konnte die Qualit\u00e4t des Klangk\u00f6rpers weiter gesteigert werden, was u. a. durch sehr erfolgreiche Teilnahmen an bundesweiten Wertungsspielen in der Oberstufe Ausdruck fand. Bei der EXPO 2000 in Hannover pr\u00e4sentierte sich das I. Brandenburgische Garde-Blasmusikkorps zusammen mit seinem griechischen Gastorchester aus Korfu, nach einer gemeinsamen Probenphase. 2001 konnte die zweite CD &#8222;Reflections of this Time&#8220; aufgenommen werden, auf der sich das Orchester durch unterschiedliche Epochen und Stile der Musikgeschichte spielt. Im gleichen Jahr begaben sich die Musiker auf eine zweite Reise nach Korfu, welche erneut von erfolgreichen Auftritten gekr\u00f6nt wurde, wo aber nat\u00fcrlich auch der Spa\u00df nicht zu kurz kam. Die Zusammenarbeit mit dem Borgsdorfer Kreis, besonders mit MD Wolfgang Schumann, der dem Orchester so manchen Titel auf den Leib schreibt, bereichert das Repertoire mit sinfonischer originaler Bl\u00e4serliteratur. Dieses Programm wird in w\u00f6chentlichen Register- und Gesamtproben einstudiert. Zus\u00e4tzlich werden ein bis zwei Probenwochen im Sommer und Winter darauf verwendet neue Titel einzustudieren aber auch eine gemeinsame Freizeitgestaltung ist Teil dieser Probenphasen. Zur Erhaltung des Klangk\u00f6rpers wird der Nachwuchs in einem eigenen Orchester durch den musikalischen Leiter Andreas Z\u00fchlke vorbereitet. Auch die Nachwuchsmusiker proben regelm\u00e4\u00dfig und zeigen ihr K\u00f6nnen vor Publikum.<\/p>\n\n\n\n<h3 class=\"wp-block-heading\">2002-2007<\/h3>\n\n\n\n<p>Nachdem sich MD Siegmund Goldhammer zum 31.12.02 in den Ruhestand verabschiedet hat, \u00fcbernahm die musikalische Leitung der ehemalige Dirigent des Landespolizeiorchesters MD Peter Br\u00fcnsing.<\/p>\n\n\n\n<p>Gemeinsam mit den Nachwuchsdirigenten Andreas Z\u00fchlke und Christian Miethe &#8220; ist dieses Dreiergespann eine Garantie einer erfolgreichen Entwicklung. Durch die Erarbeitung guter und abwechslungsreicher Bl\u00e4sermusik findet das I. Brandenburgische Garde-Blasmusikkorps weithin gro\u00dfe Beachtung bei regionalen und bundesweiten Konzerten. Das Orchester hat im Juni 2003 &#8222;mit sehr gutem Erfolg&#8220; am 4. Landesorchesterwettbewerb in Cottbus teilgenommen und erhielt aufgrund seiner hervorragenden Leistungen die Delegierung zum 6.Deutschen Orchesterwettbewerb 2004 in Osnabr\u00fcck. In der &#8222;K\u00f6nigskategorie&#8220; (&#8220; denn jedes Land delegierte sein bestes Orchester) erk\u00e4mpfte sich das Orchester das Pr\u00e4dikat &#8220; Mit gutem Erfolg&#8220; (18,2 Punkte)und ist somit das 8 &#8222;beste Amateurblasorchester der Bundesrepublik Deutschland.<\/p>\n\n\n\n<h3 class=\"wp-block-heading\">seit 2007<\/h3>\n\n\n\n<p>Das Jahr 2007 stand ganz im Zeichen des 50 \u2013j\u00e4hrigen Orchesterjubil\u00e4um. Ein Festkonzert, Musikfest und eine Konzertreise nach Kroatien wurden zu diesem Anlass veranstaltet. Wieder einmal gab es einen Wechsel. Seit<br>&nbsp;<br>September 2007 sind Andreas Z\u00fchlke und Christian Miethe die musikalischen Leiter des Orchesters. Besondere Herausforderungen f\u00fcr das Orchester waren die musikalische Umrahmung der im April 2008 stattfindenden Innenministerkonferenz in Bad Saarow aber auch das gro\u00df angelegte Filmmusikprojekt der Musikschule F\u00fcrstenwalde im Jahr 2010. In den letzten Jahren legt das I. Brandenburgische Blasmusikkorps einen besonderen Schwerpunkt darauf, das regionale Kulturgeschehen in vielf\u00e4ltiger Weise mitzugestalten. Veranstaltungen wie das Kurkonzert am Hotel Esplanade in Bad Saarow werden zu guter Tradition. Aber auch die Zusammenarbeit mit anderen Ensembles und K\u00fcnstlern, sowie mit Institutionen wie der Feuerwehr F\u00fcrstenwalde werden ausgebaut.<\/p>\n","protected":false},"excerpt":{"rendered":"<p>1990-1999 Das I. Brandenburgische Garde-Blasmusikkorps der Musik- und Kunstschule F\u00fcrstenwalde besteht aus urspr\u00fcnglich zwei Orchestern aus F\u00fcrstenwalde (gegr\u00fcndet 1957) und Sch\u00f6neiche (gegr\u00fcndet 1970). 1990 erfolgte der Zusammenschluss der beiden Orchester zum I. Brandenburgischen Garde-Blasmusikkorps F\u00fcrstenwalde (Spree). Damit wurde eine neue musikalische Phase eingeleitet. Der damalige Dirigent Petro Hinterschuster entwickelte das Orchester zu einem leistungsf\u00e4higen Klangk\u00f6rper [&hellip;]<\/p>\n","protected":false},"author":1,"featured_media":0,"parent":0,"menu_order":0,"comment_status":"closed","ping_status":"closed","template":"","meta":{"footnotes":""},"class_list":["post-34","page","type-page","status-publish","hentry"],"yoast_head":"<!-- This site is optimized with the Yoast SEO plugin v27.0 - https:\/\/yoast.com\/product\/yoast-seo-wordpress\/ -->\n<title>Geschichte - 1. BGBMK<\/title>\n<meta name=\"robots\" content=\"index, follow, max-snippet:-1, max-image-preview:large, max-video-preview:-1\" \/>\n<link rel=\"canonical\" href=\"https:\/\/neu.bo-fuerstenwalde.de\/index.php\/geschichte\/\" \/>\n<meta property=\"og:locale\" content=\"de_DE\" \/>\n<meta property=\"og:type\" content=\"article\" \/>\n<meta property=\"og:title\" content=\"Geschichte - 1. BGBMK\" \/>\n<meta property=\"og:description\" content=\"1990-1999 Das I. Brandenburgische Garde-Blasmusikkorps der Musik- und Kunstschule F\u00fcrstenwalde besteht aus urspr\u00fcnglich zwei Orchestern aus F\u00fcrstenwalde (gegr\u00fcndet 1957) und Sch\u00f6neiche (gegr\u00fcndet 1970). 1990 erfolgte der Zusammenschluss der beiden Orchester zum I. Brandenburgischen Garde-Blasmusikkorps F\u00fcrstenwalde (Spree). Damit wurde eine neue musikalische Phase eingeleitet. Der damalige Dirigent Petro Hinterschuster entwickelte das Orchester zu einem leistungsf\u00e4higen Klangk\u00f6rper [&hellip;]\" \/>\n<meta property=\"og:url\" content=\"https:\/\/neu.bo-fuerstenwalde.de\/index.php\/geschichte\/\" \/>\n<meta property=\"og:site_name\" content=\"1. BGBMK\" \/>\n<meta property=\"article:modified_time\" content=\"2026-02-22T11:46:38+00:00\" \/>\n<meta name=\"twitter:card\" content=\"summary_large_image\" \/>\n<script type=\"application\/ld+json\" class=\"yoast-schema-graph\">{\"@context\":\"https:\/\/schema.org\",\"@graph\":[{\"@type\":\"WebPage\",\"@id\":\"https:\/\/neu.bo-fuerstenwalde.de\/index.php\/geschichte\/\",\"url\":\"https:\/\/neu.bo-fuerstenwalde.de\/index.php\/geschichte\/\",\"name\":\"Geschichte - 1. BGBMK\",\"isPartOf\":{\"@id\":\"https:\/\/neu.bo-fuerstenwalde.de\/#website\"},\"datePublished\":\"2026-02-22T11:46:37+00:00\",\"dateModified\":\"2026-02-22T11:46:38+00:00\",\"breadcrumb\":{\"@id\":\"https:\/\/neu.bo-fuerstenwalde.de\/index.php\/geschichte\/#breadcrumb\"},\"inLanguage\":\"de\",\"potentialAction\":[{\"@type\":\"ReadAction\",\"target\":[\"https:\/\/neu.bo-fuerstenwalde.de\/index.php\/geschichte\/\"]}]},{\"@type\":\"BreadcrumbList\",\"@id\":\"https:\/\/neu.bo-fuerstenwalde.de\/index.php\/geschichte\/#breadcrumb\",\"itemListElement\":[{\"@type\":\"ListItem\",\"position\":1,\"name\":\"Start\",\"item\":\"https:\/\/neu.bo-fuerstenwalde.de\/\"},{\"@type\":\"ListItem\",\"position\":2,\"name\":\"Geschichte\"}]},{\"@type\":\"WebSite\",\"@id\":\"https:\/\/neu.bo-fuerstenwalde.de\/#website\",\"url\":\"https:\/\/neu.bo-fuerstenwalde.de\/\",\"name\":\"1. BGBMK\",\"description\":\"\",\"potentialAction\":[{\"@type\":\"SearchAction\",\"target\":{\"@type\":\"EntryPoint\",\"urlTemplate\":\"https:\/\/neu.bo-fuerstenwalde.de\/?s={search_term_string}\"},\"query-input\":{\"@type\":\"PropertyValueSpecification\",\"valueRequired\":true,\"valueName\":\"search_term_string\"}}],\"inLanguage\":\"de\"}]}<\/script>\n<!-- \/ Yoast SEO plugin. -->","yoast_head_json":{"title":"Geschichte - 1. BGBMK","robots":{"index":"index","follow":"follow","max-snippet":"max-snippet:-1","max-image-preview":"max-image-preview:large","max-video-preview":"max-video-preview:-1"},"canonical":"https:\/\/neu.bo-fuerstenwalde.de\/index.php\/geschichte\/","og_locale":"de_DE","og_type":"article","og_title":"Geschichte - 1. BGBMK","og_description":"1990-1999 Das I. Brandenburgische Garde-Blasmusikkorps der Musik- und Kunstschule F\u00fcrstenwalde besteht aus urspr\u00fcnglich zwei Orchestern aus F\u00fcrstenwalde (gegr\u00fcndet 1957) und Sch\u00f6neiche (gegr\u00fcndet 1970). 1990 erfolgte der Zusammenschluss der beiden Orchester zum I. Brandenburgischen Garde-Blasmusikkorps F\u00fcrstenwalde (Spree). Damit wurde eine neue musikalische Phase eingeleitet. Der damalige Dirigent Petro Hinterschuster entwickelte das Orchester zu einem leistungsf\u00e4higen Klangk\u00f6rper [&hellip;]","og_url":"https:\/\/neu.bo-fuerstenwalde.de\/index.php\/geschichte\/","og_site_name":"1. BGBMK","article_modified_time":"2026-02-22T11:46:38+00:00","twitter_card":"summary_large_image","schema":{"@context":"https:\/\/schema.org","@graph":[{"@type":"WebPage","@id":"https:\/\/neu.bo-fuerstenwalde.de\/index.php\/geschichte\/","url":"https:\/\/neu.bo-fuerstenwalde.de\/index.php\/geschichte\/","name":"Geschichte - 1. BGBMK","isPartOf":{"@id":"https:\/\/neu.bo-fuerstenwalde.de\/#website"},"datePublished":"2026-02-22T11:46:37+00:00","dateModified":"2026-02-22T11:46:38+00:00","breadcrumb":{"@id":"https:\/\/neu.bo-fuerstenwalde.de\/index.php\/geschichte\/#breadcrumb"},"inLanguage":"de","potentialAction":[{"@type":"ReadAction","target":["https:\/\/neu.bo-fuerstenwalde.de\/index.php\/geschichte\/"]}]},{"@type":"BreadcrumbList","@id":"https:\/\/neu.bo-fuerstenwalde.de\/index.php\/geschichte\/#breadcrumb","itemListElement":[{"@type":"ListItem","position":1,"name":"Start","item":"https:\/\/neu.bo-fuerstenwalde.de\/"},{"@type":"ListItem","position":2,"name":"Geschichte"}]},{"@type":"WebSite","@id":"https:\/\/neu.bo-fuerstenwalde.de\/#website","url":"https:\/\/neu.bo-fuerstenwalde.de\/","name":"1. BGBMK","description":"","potentialAction":[{"@type":"SearchAction","target":{"@type":"EntryPoint","urlTemplate":"https:\/\/neu.bo-fuerstenwalde.de\/?s={search_term_string}"},"query-input":{"@type":"PropertyValueSpecification","valueRequired":true,"valueName":"search_term_string"}}],"inLanguage":"de"}]}},"jetpack_sharing_enabled":true,"_links":{"self":[{"href":"https:\/\/neu.bo-fuerstenwalde.de\/index.php\/wp-json\/wp\/v2\/pages\/34","targetHints":{"allow":["GET"]}}],"collection":[{"href":"https:\/\/neu.bo-fuerstenwalde.de\/index.php\/wp-json\/wp\/v2\/pages"}],"about":[{"href":"https:\/\/neu.bo-fuerstenwalde.de\/index.php\/wp-json\/wp\/v2\/types\/page"}],"author":[{"embeddable":true,"href":"https:\/\/neu.bo-fuerstenwalde.de\/index.php\/wp-json\/wp\/v2\/users\/1"}],"replies":[{"embeddable":true,"href":"https:\/\/neu.bo-fuerstenwalde.de\/index.php\/wp-json\/wp\/v2\/comments?post=34"}],"version-history":[{"count":1,"href":"https:\/\/neu.bo-fuerstenwalde.de\/index.php\/wp-json\/wp\/v2\/pages\/34\/revisions"}],"predecessor-version":[{"id":35,"href":"https:\/\/neu.bo-fuerstenwalde.de\/index.php\/wp-json\/wp\/v2\/pages\/34\/revisions\/35"}],"wp:attachment":[{"href":"https:\/\/neu.bo-fuerstenwalde.de\/index.php\/wp-json\/wp\/v2\/media?parent=34"}],"curies":[{"name":"wp","href":"https:\/\/api.w.org\/{rel}","templated":true}]}}